{"id":44012,"date":"2022-03-07T23:19:16","date_gmt":"2022-03-07T23:19:16","guid":{"rendered":"https:\/\/demo25.houzez.co\/?page_id=44012"},"modified":"2025-11-14T19:43:33","modified_gmt":"2025-11-14T19:43:33","slug":"contact","status":"publish","type":"page","link":"https:\/\/wygodnedomy.pl\/?page_id=44012","title":{"rendered":"Contact"},"content":{"rendered":"\t\t<div data-elementor-type=\"wp-page\" data-elementor-id=\"44012\" class=\"elementor elementor-44012\">\n\t\t\t\t\t\t<section class=\"elementor-section elementor-top-section elementor-element elementor-element-1fbf671 elementor-section-height-min-height elementor-section-items-stretch elementor-reverse-mobile elementor-section-boxed elementor-section-height-default elementor-invisible\" data-id=\"1fbf671\" data-element_type=\"section\" data-e-type=\"section\" data-settings=\"{&quot;background_background&quot;:&quot;classic&quot;,&quot;animation&quot;:&quot;fadeIn&quot;}\">\n\t\t\t\t\t\t<div class=\"elementor-container elementor-column-gap-no\">\n\t\t\t\t\t<div class=\"elementor-column elementor-col-50 elementor-top-column elementor-element elementor-element-2237955\" data-id=\"2237955\" data-element_type=\"column\" data-e-type=\"column\">\n\t\t\t<div class=\"elementor-widget-wrap\">\n\t\t\t\t\t\t\t<\/div>\n\t\t<\/div>\n\t\t\t\t<div class=\"elementor-column elementor-col-50 elementor-top-column elementor-element elementor-element-b230ca9\" data-id=\"b230ca9\" data-element_type=\"column\" data-e-type=\"column\">\n\t\t\t<div class=\"elementor-widget-wrap\">\n\t\t\t\t\t\t\t<\/div>\n\t\t<\/div>\n\t\t\t\t\t<\/div>\n\t\t<\/section>\n\t\t\t\t<section class=\"elementor-section elementor-top-section elementor-element elementor-element-ce013cf elementor-section-boxed elementor-section-height-default elementor-section-height-default\" data-id=\"ce013cf\" data-element_type=\"section\" data-e-type=\"section\" data-settings=\"{&quot;background_background&quot;:&quot;classic&quot;}\">\n\t\t\t\t\t\t<div class=\"elementor-container elementor-column-gap-default\">\n\t\t\t\t\t<div class=\"elementor-column elementor-col-100 elementor-top-column elementor-element elementor-element-be9a56f\" data-id=\"be9a56f\" data-element_type=\"column\" data-e-type=\"column\">\n\t\t\t<div class=\"elementor-widget-wrap elementor-element-populated\">\n\t\t\t\t\t\t<section class=\"elementor-section elementor-inner-section elementor-element elementor-element-f8969aa elementor-reverse-mobile elementor-section-boxed elementor-section-height-default elementor-section-height-default\" data-id=\"f8969aa\" data-element_type=\"section\" data-e-type=\"section\">\n\t\t\t\t\t\t<div class=\"elementor-container elementor-column-gap-default\">\n\t\t\t\t\t<div class=\"elementor-column elementor-col-33 elementor-inner-column elementor-element elementor-element-d16178c\" data-id=\"d16178c\" data-element_type=\"column\" data-e-type=\"column\">\n\t\t\t<div class=\"elementor-widget-wrap elementor-element-populated\">\n\t\t\t\t\t\t<div class=\"elementor-element elementor-element-5c25cc4 elementor-widget elementor-widget-google_maps\" data-id=\"5c25cc4\" data-element_type=\"widget\" data-e-type=\"widget\" data-widget_type=\"google_maps.default\">\n\t\t\t\t\t\t\t<div class=\"elementor-custom-embed\">\n\t\t\t<iframe loading=\"lazy\"\n\t\t\t\t\tsrc=\"https:\/\/maps.google.com\/maps?q=ul.%20Obornicka%20160%2C%2051-114%20Wroc%C5%82aw&#038;t=m&#038;z=11&#038;output=embed&#038;iwloc=near\"\n\t\t\t\t\ttitle=\"ul. Obornicka 160, 51-114 Wroc\u0142aw\"\n\t\t\t\t\taria-label=\"ul. Obornicka 160, 51-114 Wroc\u0142aw\"\n\t\t\t><\/iframe>\n\t\t<\/div>\n\t\t\t\t\t\t<\/div>\n\t\t\t\t<div class=\"elementor-element elementor-element-0fd4449 animated-slow elementor-mobile-align-center elementor-icon-list--layout-traditional elementor-list-item-link-full_width elementor-invisible elementor-widget elementor-widget-icon-list\" data-id=\"0fd4449\" data-element_type=\"widget\" data-e-type=\"widget\" data-settings=\"{&quot;_animation&quot;:&quot;fadeInUp&quot;}\" data-widget_type=\"icon-list.default\">\n\t\t\t\t\t\t\t<ul class=\"elementor-icon-list-items\">\n\t\t\t\t\t\t\t<li class=\"elementor-icon-list-item\">\n\t\t\t\t\t\t\t\t\t\t\t<span class=\"elementor-icon-list-icon\">\n\t\t\t\t\t\t\t<svg xmlns=\"http:\/\/www.w3.org\/2000\/svg\" xmlns:xlink=\"http:\/\/www.w3.org\/1999\/xlink\" width=\"50px\" height=\"60px\" viewBox=\"0 0 50 60\"><title>pin<\/title><g id=\"Page-1\" stroke=\"none\" stroke-width=\"1\" fill=\"none\" fill-rule=\"evenodd\" stroke-linecap=\"round\" stroke-linejoin=\"round\"><g id=\"pin\" transform=\"translate(2.500000, 1.885000)\" stroke=\"#E9AFA3\" stroke-width=\"3.75\"><circle id=\"Oval\" cx=\"22.5\" cy=\"22.4999997\" r=\"11.25\"><\/circle><path d=\"M45,22.5 C45,42.2499997 27.67,53.3274997 23.4275,55.7499997 C22.8519705,56.0787468 22.1455295,56.0787468 21.57,55.7499997 C17.3275,53.3249997 0,42.2449997 0,22.5 C0,10.0735929 10.0735933,0 22.5,0 C34.9264067,0 45,10.0735929 45,22.5 L45,22.5 Z\" id=\"Path\"><\/path><\/g><\/g><\/svg>\t\t\t\t\t\t<\/span>\n\t\t\t\t\t\t\t\t\t\t<span class=\"elementor-icon-list-text\">ul. Obornicka 160, 51-114 Wroc\u0142aw<\/span>\n\t\t\t\t\t\t\t\t\t<\/li>\n\t\t\t\t\t\t\t\t<li class=\"elementor-icon-list-item\">\n\t\t\t\t\t\t\t\t\t\t\t<a href=\"tel:+48607319515\">\n\n\t\t\t\t\t\t\t\t\t\t\t\t<span class=\"elementor-icon-list-icon\">\n\t\t\t\t\t\t\t<svg xmlns=\"http:\/\/www.w3.org\/2000\/svg\" xmlns:xlink=\"http:\/\/www.w3.org\/1999\/xlink\" width=\"61px\" height=\"60px\" viewBox=\"0 0 61 60\"><title>whatsapp<\/title><g id=\"Page-1\" stroke=\"none\" stroke-width=\"1\" fill=\"none\" fill-rule=\"evenodd\" stroke-linecap=\"round\" stroke-linejoin=\"round\"><g id=\"whatsapp\" transform=\"translate(2.849903, 1.874634)\" stroke=\"#E9AFA3\" stroke-width=\"3.75\"><path d=\"M28.1500974,0.000182341952 C12.6779057,-0.0550144861 0.0827378056,12.4282958 4.84830522e-05,27.9003659 C-0.0109928697,33.7822696 1.86412236,39.5127619 5.3500974,44.2503659 L1.8500974,54.6253659 L12.6500974,51.2003659 C21.2640615,56.8565618 32.2801845,57.3539047 41.3687851,52.4969232 C50.4573857,47.6399417 56.1656677,38.2050154 56.2500974,27.9003659 C56.1674875,12.4478637 43.6027955,-0.0273998816 28.1500974,0.000182341952 M43.3250974,34.7753659 C43.1500974,34.4753659 42.6500974,34.2753659 41.9250974,33.9253659 C41.2000974,33.5753659 37.5750974,31.8003659 36.9250974,31.5503659 C36.2750974,31.3003659 35.7500974,31.1753659 35.2750974,31.9253659 C34.8000974,32.6753659 34.0250974,33.7503659 33.6000974,34.2253659 C33.1750974,34.7003659 32.7500974,34.7753659 32.0000974,34.4003659 C27.7220247,32.5361062 24.1122451,29.4146059 21.6500974,25.4503659 C21.2250974,24.7253659 21.6500974,24.3253659 21.9750974,23.9753659 C23.2000974,22.7503659 23.2250974,22.9253659 23.5250974,22.3253659 C23.7430191,21.9283011 23.7430191,21.4474307 23.5250974,21.0503659 C23.1500974,20.6253659 21.7750974,17.0753659 21.1500974,15.6253659 C20.5250974,14.1753659 17.3750974,13.9003659 16.1500974,15.2503659 C3.1500974,28.9503659 34.8250974,52.4253659 42.9250974,38.1253659 C43.6012833,37.1612369 43.7513576,35.9231247 43.3250974,34.8253659\" id=\"Shape\"><\/path><\/g><\/g><\/svg>\t\t\t\t\t\t<\/span>\n\t\t\t\t\t\t\t\t\t\t<span class=\"elementor-icon-list-text\">(+48) 607 319 515<\/span>\n\t\t\t\t\t\t\t\t\t\t\t<\/a>\n\t\t\t\t\t\t\t\t\t<\/li>\n\t\t\t\t\t\t<\/ul>\n\t\t\t\t\t\t<\/div>\n\t\t\t\t\t<\/div>\n\t\t<\/div>\n\t\t\t\t<div class=\"elementor-column elementor-col-33 elementor-inner-column elementor-element elementor-element-de052a5\" data-id=\"de052a5\" data-element_type=\"column\" data-e-type=\"column\">\n\t\t\t<div class=\"elementor-widget-wrap\">\n\t\t\t\t\t\t\t<\/div>\n\t\t<\/div>\n\t\t\t\t<div class=\"elementor-column elementor-col-33 elementor-inner-column elementor-element elementor-element-a645b1b\" data-id=\"a645b1b\" data-element_type=\"column\" data-e-type=\"column\">\n\t\t\t<div class=\"elementor-widget-wrap elementor-element-populated\">\n\t\t\t\t\t\t<div class=\"elementor-element elementor-element-9f8fd3b animated-slow elementor-invisible elementor-widget elementor-widget-heading\" data-id=\"9f8fd3b\" data-element_type=\"widget\" data-e-type=\"widget\" data-settings=\"{&quot;_animation&quot;:&quot;fadeIn&quot;}\" data-widget_type=\"heading.default\">\n\t\t\t\t\t<h2 class=\"elementor-heading-title elementor-size-default\">Pozosta\u0144my w kontakcie<\/h2>\t\t\t\t<\/div>\n\t\t\t\t<div class=\"elementor-element elementor-element-7b4dd46 animated-slow elementor-invisible elementor-widget elementor-widget-text-editor\" data-id=\"7b4dd46\" data-element_type=\"widget\" data-e-type=\"widget\" data-settings=\"{&quot;_animation&quot;:&quot;fadeInUp&quot;}\" data-widget_type=\"text-editor.default\">\n\t\t\t\t\t\t\t\t\t<p>Je\u015bli maj\u0105 Pa\u0144stwo pytania dotycz\u0105ce oferty lub naszej firmy, zapraszamy do kontaktu. Do\u0142o\u017cymy wszelkich stara\u0144, aby na nie odpowiedzie\u0107.<\/p>\t\t\t\t\t\t\t\t<\/div>\n\t\t\t\t<div class=\"elementor-element elementor-element-0fa1982 animated-slow elementor-button-align-stretch elementor-invisible elementor-widget elementor-widget-houzez_elementor_contact_form\" data-id=\"0fa1982\" data-element_type=\"widget\" data-e-type=\"widget\" data-settings=\"{&quot;_animation&quot;:&quot;fadeIn&quot;}\" data-widget_type=\"houzez_elementor_contact_form.default\">\n\t\t\t\t<div class=\"elementor-widget-container\">\n\t\t\t\t\t\n        <script type=\"application\/javascript\">\n            jQuery(document).bind(\"ready\", function () {\n                houzezValidateElementor(\"#houzez-form-0fa1982\" );\n            });\n        <\/script>\n\n        <form class=\"elementor-form houzez-ele-form-js\" id=\"houzez-form-0fa1982\" method=\"post\" name=\"New Form\" action=\"https:\/\/wygodnedomy.pl\/wp-admin\/admin-ajax.php\">\n            <input type=\"hidden\" name=\"form_id\" value=\"0fa1982\"\/>\n            <input type=\"hidden\" name=\"houzez_contact_form\" value=\"yes\"\/>\n            <input type=\"hidden\" name=\"action\" value=\"houzez_ele_contact_form\" \/>\n            <input type=\"hidden\" name=\"source_link\" value=\"https:\/\/wygodnedomy.pl\/?page_id=44012\" \/>\n            <input type=\"hidden\" name=\"lead_page_id\" value=\"44012\" \/>\n            <input type=\"hidden\" name=\"webhook\" value=\"false\" \/>\n            <input type=\"hidden\" name=\"webhook_url\" value=\"\" \/>\n            <input type=\"hidden\" name=\"redirect_to\" value=\"\" \/>\n            <input type=\"hidden\" name=\"google_recaptcha\" value=\"yes\" \/>\n            \n\n            <div class=\"elementor-form-fields-wrapper elementor-labels-above\">\n\n                                    <div class=\"elementor-field-group elementor-column form-group elementor-field-group-ba74d26 elementor-col-100\">\n                    <label for=\"form-field-ba74d26\" class=\"form-label elementor-field-label elementor-screen-only\">Type<\/label>        <div class=\"elementor-field elementor-select-wrapper\">\n            <select name=\"user_type\" id=\"form-field-ba74d26\" class=\"elementor-field-textual form-control elementor-size-md\">\n                <option value=\"\">Wybierz<\/option><option value=\"Interesuje mnie gotowy dom\">Interesuje mnie gotowy dom<\/option><option value=\"Interesuje mnie budowa domu\">Interesuje mnie budowa domu<\/option><option value=\"Interesuje mnie gotowy projekt domu\">Interesuje mnie gotowy projekt domu<\/option><option value=\"\"><\/option>            <\/select>\n        <\/div>\n                            <\/div>\n\n                                        <div class=\"elementor-field-group elementor-column form-group elementor-field-group-name elementor-col-100\">\n                    <label for=\"form-field-name\" class=\"form-label elementor-field-label elementor-screen-only\">Imi\u0119<\/label><input type=\"text\" name=\"name\" id=\"form-field-name\" class=\"elementor-field form-control elementor-size-md elementor-field-textual\" placeholder=\"Imi\u0119\" title=\"* Imi\u0119\">                    <\/div>\n\n                                        <div class=\"elementor-field-group elementor-column form-group elementor-field-group-email elementor-col-50 elementor-field-required\">\n                    <label for=\"form-field-email\" class=\"form-label elementor-field-label elementor-screen-only\">Email<\/label><input type=\"email\" name=\"email\" id=\"form-field-email\" class=\"elementor-field form-control elementor-size-md elementor-field-textual\" placeholder=\"Email\" title=\"* Email\" required=\"required\">                    <\/div>\n\n                                        <div class=\"elementor-field-group elementor-column form-group elementor-field-group-ac2e031 elementor-col-50\">\n                    <label for=\"form-field-ac2e031\" class=\"form-label elementor-field-label elementor-screen-only\">Telefon<\/label><input type=\"text\" name=\"mobile\" id=\"form-field-ac2e031\" class=\"elementor-field form-control elementor-size-md elementor-field-textual\" placeholder=\"Telefon\" title=\"* Telefon\">                    <\/div>\n\n                                        <div class=\"elementor-field-group elementor-column form-group elementor-field-group-message elementor-col-100\">\n                    <label for=\"form-field-message\" class=\"form-label elementor-field-label elementor-screen-only\">Tre\u015b\u0107<\/label><textarea class=\"elementor-field-textual elementor-field elementor-size-md\" name=\"message\" id=\"form-field-message\" rows=\"4\" placeholder=\"Tre\u015b\u0107\"><\/textarea>                    <\/div>\n\n                    \n                    \n                    \n                    <div class=\"form-group elementor-field-group elementor-col-100\">\n                        <label class=\"control control--checkbox m-0 \">\n                                                        <input required type=\"checkbox\" name=\"gdpr_agreement\" id=\"gdpr_agreement\" aria-required=\"true\">\n                            <span class=\"control__indicator\"><\/span>\n                                                        <div class=\"gdpr-text-wrap\">\n                            Zezwalam tej witrynie na zapisanie informacji, kt\u00f3re przes\u0142a\u0142em\/przes\u0142a\u0142am.                            <\/div>\n                            \n                        <\/label>\n                    <\/div><!-- form-group -->\n                    \n                    \n                                        <div class=\"\">\n                                            <\/div>\n                    \n                    <div class=\"elementor-field-group elementor-column elementor-field-type-submit elementor-col-100\">\n                    <button type=\"submit\" class=\"houzez-submit-button houzez-contact-form-js elementor-button elementor-size-md\">\n                        <i class=\"houzez-loader-js houzez-hidden spinner-border spinner-border-sm\"><\/i>\n                                                    Wy\u015blij                                            <\/button>\n                <\/div>\n            <\/div><!-- End wrapper-->\n            <br\/>\n            <div class=\"ele-form-messages\"><\/div>\n            <div class=\"error-container\"><\/div>\n\n        <\/form>\n\n    \t\t\t\t<\/div>\n\t\t\t\t<\/div>\n\t\t\t\t<div class=\"elementor-element elementor-element-0f3f74e elementor-widget elementor-widget-spacer\" data-id=\"0f3f74e\" data-element_type=\"widget\" data-e-type=\"widget\" data-widget_type=\"spacer.default\">\n\t\t\t\t\t\t\t<div class=\"elementor-spacer\">\n\t\t\t<div class=\"elementor-spacer-inner\"><\/div>\n\t\t<\/div>\n\t\t\t\t\t\t<\/div>\n\t\t\t\t\t<\/div>\n\t\t<\/div>\n\t\t\t\t\t<\/div>\n\t\t<\/section>\n\t\t\t\t\t<\/div>\n\t\t<\/div>\n\t\t\t\t\t<\/div>\n\t\t<\/section>\n\t\t\t\t<\/div>\n\t\t","protected":false},"excerpt":{"rendered":"<p>pin ul. Obornicka 160, 51-114 Wroc\u0142aw whatsapp (+48) 607 319 515 Pozosta\u0144my w kontakcie Je\u015bli maj\u0105 Pa\u0144stwo pytania dotycz\u0105ce oferty lub naszej firmy, zapraszamy do kontaktu. Do\u0142o\u017cymy wszelkich stara\u0144, aby na nie odpowiedzie\u0107. Type WybierzInteresuje mnie gotowy domInteresuje mnie budowa domuInteresuje mnie gotowy projekt domu Imi\u0119 Email Telefon Tre\u015b\u0107 Zezwalam tej witrynie na zapisanie informacji, [&hellip;]<\/p>\n","protected":false},"author":1,"featured_media":0,"parent":0,"menu_order":0,"comment_status":"closed","ping_status":"closed","template":"elementor_header_footer","meta":{"content-type":"","_monsterinsights_skip_tracking":false,"_monsterinsights_sitenote_active":false,"_monsterinsights_sitenote_note":"","_monsterinsights_sitenote_category":0,"footnotes":""},"class_list":["post-44012","page","type-page","status-publish","hentry"],"aioseo_notices":[],"_links":{"self":[{"href":"https:\/\/wygodnedomy.pl\/index.php?rest_route=\/wp\/v2\/pages\/44012","targetHints":{"allow":["GET"]}}],"collection":[{"href":"https:\/\/wygodnedomy.pl\/index.php?rest_route=\/wp\/v2\/pages"}],"about":[{"href":"https:\/\/wygodnedomy.pl\/index.php?rest_route=\/wp\/v2\/types\/page"}],"author":[{"embeddable":true,"href":"https:\/\/wygodnedomy.pl\/index.php?rest_route=\/wp\/v2\/users\/1"}],"replies":[{"embeddable":true,"href":"https:\/\/wygodnedomy.pl\/index.php?rest_route=%2Fwp%2Fv2%2Fcomments&post=44012"}],"version-history":[{"count":9,"href":"https:\/\/wygodnedomy.pl\/index.php?rest_route=\/wp\/v2\/pages\/44012\/revisions"}],"predecessor-version":[{"id":45158,"href":"https:\/\/wygodnedomy.pl\/index.php?rest_route=\/wp\/v2\/pages\/44012\/revisions\/45158"}],"wp:attachment":[{"href":"https:\/\/wygodnedomy.pl\/index.php?rest_route=%2Fwp%2Fv2%2Fmedia&parent=44012"}],"curies":[{"name":"wp","href":"https:\/\/api.w.org\/{rel}","templated":true}]}}