{"id":44478,"date":"2022-05-26T19:45:36","date_gmt":"2022-05-26T19:45:36","guid":{"rendered":"https:\/\/demo25.houzez.co\/?page_id=44478"},"modified":"2025-11-14T19:44:38","modified_gmt":"2025-11-14T19:44:38","slug":"about-me","status":"publish","type":"page","link":"https:\/\/wygodnedomy.pl\/?page_id=44478","title":{"rendered":"About me"},"content":{"rendered":"\t\t<div data-elementor-type=\"wp-page\" data-elementor-id=\"44478\" class=\"elementor elementor-44478\">\n\t\t\t\t\t\t<section class=\"elementor-section elementor-top-section elementor-element elementor-element-faaa294 elementor-section-height-min-height elementor-section-items-stretch elementor-reverse-mobile elementor-section-boxed elementor-section-height-default elementor-invisible\" data-id=\"faaa294\" data-element_type=\"section\" data-e-type=\"section\" data-settings=\"{&quot;background_background&quot;:&quot;classic&quot;,&quot;animation&quot;:&quot;fadeIn&quot;}\">\n\t\t\t\t\t\t<div class=\"elementor-container elementor-column-gap-no\">\n\t\t\t\t\t<div class=\"elementor-column elementor-col-50 elementor-top-column elementor-element elementor-element-8192489\" data-id=\"8192489\" data-element_type=\"column\" data-e-type=\"column\">\n\t\t\t<div class=\"elementor-widget-wrap\">\n\t\t\t\t\t\t\t<\/div>\n\t\t<\/div>\n\t\t\t\t<div class=\"elementor-column elementor-col-50 elementor-top-column elementor-element elementor-element-eb966f4\" data-id=\"eb966f4\" data-element_type=\"column\" data-e-type=\"column\">\n\t\t\t<div class=\"elementor-widget-wrap\">\n\t\t\t\t\t\t\t<\/div>\n\t\t<\/div>\n\t\t\t\t\t<\/div>\n\t\t<\/section>\n\t\t\t\t<section class=\"elementor-section elementor-top-section elementor-element elementor-element-fc6ccad elementor-section-boxed elementor-section-height-default elementor-section-height-default\" data-id=\"fc6ccad\" data-element_type=\"section\" data-e-type=\"section\" data-settings=\"{&quot;background_background&quot;:&quot;classic&quot;}\">\n\t\t\t\t\t\t<div class=\"elementor-container elementor-column-gap-default\">\n\t\t\t\t\t<div class=\"elementor-column elementor-col-33 elementor-top-column elementor-element elementor-element-b4c3279\" data-id=\"b4c3279\" data-element_type=\"column\" data-e-type=\"column\">\n\t\t\t<div class=\"elementor-widget-wrap elementor-element-populated\">\n\t\t\t\t\t\t<section class=\"elementor-section elementor-inner-section elementor-element elementor-element-28daac3 elementor-section-boxed elementor-section-height-default elementor-section-height-default\" data-id=\"28daac3\" data-element_type=\"section\" data-e-type=\"section\">\n\t\t\t\t\t\t<div class=\"elementor-container elementor-column-gap-no\">\n\t\t\t\t\t<div class=\"elementor-column elementor-col-100 elementor-inner-column elementor-element elementor-element-ddb267f\" data-id=\"ddb267f\" data-element_type=\"column\" data-e-type=\"column\">\n\t\t\t<div class=\"elementor-widget-wrap elementor-element-populated\">\n\t\t\t\t\t\t<div class=\"elementor-element elementor-element-da0146a elementor-widget elementor-widget-image\" data-id=\"da0146a\" data-element_type=\"widget\" data-e-type=\"widget\" data-widget_type=\"image.default\">\n\t\t\t\t\t\t\t\t\t\t\t\t\t\t\t<img fetchpriority=\"high\" decoding=\"async\" width=\"1024\" height=\"576\" src=\"https:\/\/wygodnedomy.pl\/wp-content\/uploads\/2025\/10\/2N_2025-04-02_wynik.webp\" class=\"attachment-large size-large wp-image-45124\" alt=\"\" srcset=\"https:\/\/wygodnedomy.pl\/wp-content\/uploads\/2025\/10\/2N_2025-04-02_wynik.webp 1920w, https:\/\/wygodnedomy.pl\/wp-content\/uploads\/2025\/10\/2N_2025-04-02_wynik-1536x864.webp 1536w\" sizes=\"(max-width: 1024px) 100vw, 1024px\" \/>\t\t\t\t\t\t\t\t\t\t\t\t\t\t\t<\/div>\n\t\t\t\t\t<\/div>\n\t\t<\/div>\n\t\t\t\t\t<\/div>\n\t\t<\/section>\n\t\t\t\t\t<\/div>\n\t\t<\/div>\n\t\t\t\t<div class=\"elementor-column elementor-col-66 elementor-top-column elementor-element elementor-element-4c4e8e3\" data-id=\"4c4e8e3\" data-element_type=\"column\" data-e-type=\"column\">\n\t\t\t<div class=\"elementor-widget-wrap elementor-element-populated\">\n\t\t\t\t\t\t<section class=\"elementor-section elementor-inner-section elementor-element elementor-element-c172bf0 elementor-section-boxed elementor-section-height-default elementor-section-height-default\" data-id=\"c172bf0\" data-element_type=\"section\" data-e-type=\"section\">\n\t\t\t\t\t\t<div class=\"elementor-container elementor-column-gap-default\">\n\t\t\t\t\t<div class=\"elementor-column elementor-col-100 elementor-inner-column elementor-element elementor-element-ca75e42\" data-id=\"ca75e42\" data-element_type=\"column\" data-e-type=\"column\">\n\t\t\t<div class=\"elementor-widget-wrap elementor-element-populated\">\n\t\t\t\t\t\t<div class=\"elementor-element elementor-element-bfb37fc animated-slow elementor-invisible elementor-widget elementor-widget-heading\" data-id=\"bfb37fc\" data-element_type=\"widget\" data-e-type=\"widget\" data-settings=\"{&quot;_animation&quot;:&quot;fadeIn&quot;}\" data-widget_type=\"heading.default\">\n\t\t\t\t\t<h1 class=\"elementor-heading-title elementor-size-default\">Fundamenty naszej pracy to Projekt i Wykonanie<\/h1>\t\t\t\t<\/div>\n\t\t\t\t<div class=\"elementor-element elementor-element-b9287a8 animated-slow elementor-invisible elementor-widget elementor-widget-text-editor\" data-id=\"b9287a8\" data-element_type=\"widget\" data-e-type=\"widget\" data-settings=\"{&quot;_animation&quot;:&quot;fadeIn&quot;}\" data-widget_type=\"text-editor.default\">\n\t\t\t\t\t\t\t\t\t<p>Witaj w <b>Wygodne Domy sp. z o.o.<\/b> Jeste\u015bmy firm\u0105 dewelopersk\u0105, kt\u00f3ra specjalizuje si\u0119 w budowie i sprzeda\u017cy nowoczesnych dom\u00f3w w standardzie deweloperskim. Nasz\u0105 misj\u0105 jest tworzenie przestrzeni, kt\u00f3re \u0142\u0105cz\u0105 w sobie wyj\u0105tkow\u0105 estetyk\u0119, funkcjonalno\u015b\u0107 i najwy\u017csz\u0105 jako\u015b\u0107 wykonania. Ka\u017cdy nasz dom to gotowa baza do stworzenia Pa\u0144stwa wymarzonego miejsca na ziemi.<\/p>\t\t\t\t\t\t\t\t<\/div>\n\t\t\t\t<div class=\"elementor-element elementor-element-5068b8a elementor-widget elementor-widget-heading\" data-id=\"5068b8a\" data-element_type=\"widget\" data-e-type=\"widget\" data-widget_type=\"heading.default\">\n\t\t\t\t\t<h2 class=\"elementor-heading-title elementor-size-default\">Nasz Zesp\u00f3\u0142 \u2013 Si\u0142a Do\u015bwiadczenia<\/h2>\t\t\t\t<\/div>\n\t\t\t\t<div class=\"elementor-element elementor-element-6bbe0bf animated-slow elementor-invisible elementor-widget elementor-widget-text-editor\" data-id=\"6bbe0bf\" data-element_type=\"widget\" data-e-type=\"widget\" data-settings=\"{&quot;_animation&quot;:&quot;fadeIn&quot;}\" data-widget_type=\"text-editor.default\">\n\t\t\t\t\t\t\t\t\t<p>Firm\u0119 tworzy dw\u00f3ch wsp\u00f3lnik\u00f3w, kt\u00f3rych kompetencje idealnie si\u0119 uzupe\u0142niaj\u0105:<\/p><ul data-path-to-node=\"10\"><li><p data-path-to-node=\"10,0,0\"><b>Si\u0142a Projektu:<\/b> Jeden z nas wnosi wieloletnie do\u015bwiadczenie w projektowaniu architektonicznym. Dzi\u0119ki temu nasze domy s\u0105 nie tylko pi\u0119kne, ale przede wszystkim inteligentnie zaplanowane. Dbamy o ergonomi\u0119, optymalne wykorzystanie przestrzeni i nowoczesne rozwi\u0105zania, kt\u00f3re podnosz\u0105 komfort \u017cycia.<\/p><\/li><li><p data-path-to-node=\"10,1,0\"><b>Si\u0142a Wykonawstwa:<\/b> Drugi wsp\u00f3lnik to ekspert w dziedzinie budownictwa i nadzoru wykonawczego. Jego praktyczna wiedza gwarantuje, \u017ce ka\u017cdy projekt jest realizowany z najwy\u017csz\u0105 staranno\u015bci\u0105, z u\u017cyciem sprawdzonych materia\u0142\u00f3w i technologii. To on czuwa nad solidno\u015bci\u0105, precyzj\u0105 i terminowo\u015bci\u0105 prac.<\/p><\/li><\/ul>\t\t\t\t\t\t\t\t<\/div>\n\t\t\t\t<div class=\"elementor-element elementor-element-fbac3f5 elementor-widget elementor-widget-heading\" data-id=\"fbac3f5\" data-element_type=\"widget\" data-e-type=\"widget\" data-widget_type=\"heading.default\">\n\t\t\t\t\t<h2 class=\"elementor-heading-title elementor-size-default\">Dlaczego My?<\/h2>\t\t\t\t<\/div>\n\t\t\t\t<div class=\"elementor-element elementor-element-45c604d animated-slow elementor-invisible elementor-widget elementor-widget-text-editor\" data-id=\"45c604d\" data-element_type=\"widget\" data-e-type=\"widget\" data-settings=\"{&quot;_animation&quot;:&quot;fadeIn&quot;}\" data-widget_type=\"text-editor.default\">\n\t\t\t\t\t\t\t\t\t<p data-path-to-node=\"12\">Dzi\u0119ki tej synergii mamy pe\u0142n\u0105 kontrol\u0119 nad ca\u0142ym procesem inwestycyjnym \u2013 od pierwszej kreski na papierze po przekazanie Pa\u0144stwu kluczy. Architekt dba, by projekt by\u0142 doskona\u0142y, a wykonawca pilnuje, by rzeczywisto\u015b\u0107 dor\u00f3wna\u0142a wizji.<\/p><p data-path-to-node=\"13\"><b>Dla Pa\u0144stwa oznacza to:<\/b><\/p><ul data-path-to-node=\"14\"><li><p data-path-to-node=\"14,0,0\"><b>Sp\u00f3jno\u015b\u0107:<\/b> Dom jest dok\u0142adnie taki, jaki zosta\u0142 zaprojektowany.<\/p><\/li><li><p data-path-to-node=\"14,1,0\"><b>Jako\u015b\u0107:<\/b> Nie ma mowy o kompromisach mi\u0119dzy wizj\u0105 a wykonaniem.<\/p><\/li><li><p data-path-to-node=\"14,2,0\"><b>Pewno\u015b\u0107:<\/b> Inwestuj\u0105 Pa\u0144stwo w nieruchomo\u015b\u0107 przemy\u015blan\u0105 w ka\u017cdym calu, od fundament\u00f3w po dach.<\/p><\/li><\/ul>\t\t\t\t\t\t\t\t<\/div>\n\t\t\t\t<div class=\"elementor-element elementor-element-0b4c359 elementor-widget elementor-widget-heading\" data-id=\"0b4c359\" data-element_type=\"widget\" data-e-type=\"widget\" data-widget_type=\"heading.default\">\n\t\t\t\t\t<h2 class=\"elementor-heading-title elementor-size-default\">Standard Deweloperski \u2013 Pa\u0144stwa Przestrze\u0144<\/h2>\t\t\t\t<\/div>\n\t\t\t\t<div class=\"elementor-element elementor-element-4c59530 animated-slow elementor-invisible elementor-widget elementor-widget-text-editor\" data-id=\"4c59530\" data-element_type=\"widget\" data-e-type=\"widget\" data-settings=\"{&quot;_animation&quot;:&quot;fadeIn&quot;}\" data-widget_type=\"text-editor.default\">\n\t\t\t\t\t\t\t\t\t<p data-path-to-node=\"12\">Oferujemy domy w stanie deweloperskim, co daje Pa\u0144stwu idealny punkt startowy. Zdejmujemy z Pa\u0144stwa bark\u00f3w ca\u0142y ci\u0119\u017car procesu budowlanego, formalno\u015bci i nadzoru. Jednocze\u015bnie zostawiamy to, co najprzyjemniejsze \u2013 swobod\u0119 aran\u017cacji wn\u0119trz i nadania przestrzeni indywidualnego charakteru.<\/p>\t\t\t\t\t\t\t\t<\/div>\n\t\t\t\t\t<\/div>\n\t\t<\/div>\n\t\t\t\t\t<\/div>\n\t\t<\/section>\n\t\t\t\t\t<\/div>\n\t\t<\/div>\n\t\t\t\t\t<\/div>\n\t\t<\/section>\n\t\t\t\t<section class=\"elementor-section elementor-top-section elementor-element elementor-element-3e60422 elementor-reverse-mobile elementor-section-boxed elementor-section-height-default elementor-section-height-default\" data-id=\"3e60422\" data-element_type=\"section\" data-e-type=\"section\" data-settings=\"{&quot;background_background&quot;:&quot;classic&quot;,&quot;shape_divider_top&quot;:&quot;waves&quot;}\">\n\t\t\t\t\t<div class=\"elementor-shape elementor-shape-top\" aria-hidden=\"true\" data-negative=\"false\">\n\t\t\t<svg xmlns=\"http:\/\/www.w3.org\/2000\/svg\" viewBox=\"0 0 1000 100\" preserveAspectRatio=\"none\">\n\t<path class=\"elementor-shape-fill\" d=\"M421.9,6.5c22.6-2.5,51.5,0.4,75.5,5.3c23.6,4.9,70.9,23.5,100.5,35.7c75.8,32.2,133.7,44.5,192.6,49.7\n\tc23.6,2.1,48.7,3.5,103.4-2.5c54.7-6,106.2-25.6,106.2-25.6V0H0v30.3c0,0,72,32.6,158.4,30.5c39.2-0.7,92.8-6.7,134-22.4\n\tc21.2-8.1,52.2-18.2,79.7-24.2C399.3,7.9,411.6,7.5,421.9,6.5z\"\/>\n<\/svg>\t\t<\/div>\n\t\t\t\t\t<div class=\"elementor-container elementor-column-gap-no\">\n\t\t\t\t\t<div class=\"elementor-column elementor-col-100 elementor-top-column elementor-element elementor-element-d711de0\" data-id=\"d711de0\" data-element_type=\"column\" data-e-type=\"column\">\n\t\t\t<div class=\"elementor-widget-wrap elementor-element-populated\">\n\t\t\t\t\t\t<section class=\"elementor-section elementor-inner-section elementor-element elementor-element-17ee90e elementor-section-full_width animated-slow elementor-section-content-middle elementor-section-height-default elementor-section-height-default elementor-invisible\" data-id=\"17ee90e\" data-element_type=\"section\" data-e-type=\"section\" data-settings=\"{&quot;animation&quot;:&quot;fadeIn&quot;}\">\n\t\t\t\t\t\t<div class=\"elementor-container elementor-column-gap-default\">\n\t\t\t\t\t<div class=\"elementor-column elementor-col-66 elementor-inner-column elementor-element elementor-element-f773a1d\" data-id=\"f773a1d\" data-element_type=\"column\" data-e-type=\"column\">\n\t\t\t<div class=\"elementor-widget-wrap elementor-element-populated\">\n\t\t\t\t\t\t<div class=\"elementor-element elementor-element-6a76089 animated-slow elementor-invisible elementor-widget elementor-widget-heading\" data-id=\"6a76089\" data-element_type=\"widget\" data-e-type=\"widget\" data-settings=\"{&quot;_animation&quot;:&quot;fadeIn&quot;}\" data-widget_type=\"heading.default\">\n\t\t\t\t\t<h2 class=\"elementor-heading-title elementor-size-default\">Aktualno\u015bci<\/h2>\t\t\t\t<\/div>\n\t\t\t\t\t<\/div>\n\t\t<\/div>\n\t\t\t\t<div class=\"elementor-column elementor-col-33 elementor-inner-column elementor-element elementor-element-cc3c8e1\" data-id=\"cc3c8e1\" data-element_type=\"column\" data-e-type=\"column\">\n\t\t\t<div class=\"elementor-widget-wrap elementor-element-populated\">\n\t\t\t\t\t\t<div class=\"elementor-element elementor-element-9671c95 elementor-align-right elementor-tablet-align-center elementor-widget elementor-widget-button\" data-id=\"9671c95\" data-element_type=\"widget\" data-e-type=\"widget\" data-settings=\"{&quot;_animation&quot;:&quot;none&quot;}\" data-widget_type=\"button.default\">\n\t\t\t\t\t\t\t\t\t\t<a class=\"elementor-button elementor-button-link elementor-size-md\" href=\"https:\/\/demo25.houzez.co\/mls-search\/\">\n\t\t\t\t\t\t<span class=\"elementor-button-content-wrapper\">\n\t\t\t\t\t\t<span class=\"elementor-button-icon\">\n\t\t\t\t<svg aria-hidden=\"true\" class=\"e-font-icon-svg e-fas-long-arrow-alt-right\" viewBox=\"0 0 448 512\" xmlns=\"http:\/\/www.w3.org\/2000\/svg\"><path d=\"M313.941 216H12c-6.627 0-12 5.373-12 12v56c0 6.627 5.373 12 12 12h301.941v46.059c0 21.382 25.851 32.09 40.971 16.971l86.059-86.059c9.373-9.373 9.373-24.569 0-33.941l-86.059-86.059c-15.119-15.119-40.971-4.411-40.971 16.971V216z\"><\/path><\/svg>\t\t\t<\/span>\n\t\t\t\t\t\t\t\t\t<span class=\"elementor-button-text\">czytaj aktualno\u015bci<\/span>\n\t\t\t\t\t<\/span>\n\t\t\t\t\t<\/a>\n\t\t\t\t\t\t\t\t<\/div>\n\t\t\t\t\t<\/div>\n\t\t<\/div>\n\t\t\t\t\t<\/div>\n\t\t<\/section>\n\t\t\t\t<section class=\"elementor-section elementor-inner-section elementor-element elementor-element-cdff020 animated-slow elementor-section-boxed elementor-section-height-default elementor-section-height-default elementor-invisible\" data-id=\"cdff020\" data-element_type=\"section\" data-e-type=\"section\" data-settings=\"{&quot;animation&quot;:&quot;fadeIn&quot;}\">\n\t\t\t\t\t\t<div class=\"elementor-container elementor-column-gap-no\">\n\t\t\t\t\t<div class=\"elementor-column elementor-col-100 elementor-inner-column elementor-element elementor-element-cf4c372\" data-id=\"cf4c372\" data-element_type=\"column\" data-e-type=\"column\">\n\t\t\t<div class=\"elementor-widget-wrap elementor-element-populated\">\n\t\t\t\t\t\t<div class=\"elementor-element elementor-element-ffa537b elementor-widget elementor-widget-houzez_elementor_blog_posts\" data-id=\"ffa537b\" data-element_type=\"widget\" data-e-type=\"widget\" data-widget_type=\"houzez_elementor_blog_posts.default\">\n\t\t\t\t<div class=\"elementor-widget-container\">\n\t\t\t\t\t\n        <div class=\"blog-posts-module blog-posts-module-v1\">\n            <div class=\"row row-cols-1 row-cols-md-2 row-cols-lg-3 row-cols-xl-4 g-3\">\n                <div class=\"blog-post-item-wrap\">\n\t<div id=\"post-45392\" class=\"blog-post-item blog-post-item-v1 mb-3 post-45392 post type-post status-publish format-standard has-post-thumbnail hentry category-uncategorized\">\n\t\t\n\t\t\t\t<div class=\"blog-post-thumb\">\n\t\t\t<a href=\"https:\/\/wygodnedomy.pl\/?p=45392\" class=\"hover-effect image-wrap\">\n\t\t\t\t<img decoding=\"async\" width=\"1218\" height=\"790\" src=\"https:\/\/wygodnedomy.pl\/wp-content\/uploads\/2026\/04\/Zrzut-ekranu-2026-04-08-230854.png\" class=\"img-fluid wp-post-image\" alt=\"\" \/>\t\t\t<\/a>\n\t\t<\/div><!-- blog-post-thumb -->\n\t\t\n\t\t<div class=\"blog-post-content-wrap\">\n\t\t\t<div class=\"blog-post-meta small\">\n\t\t\t\t<ul class=\"list-inline d-flex align-items-center mb-1\">\n\t\t\t\t\t\t\t\t\t\t<li class=\"list-inline-item\">\n\t\t\t\t\t\t<time datetime=\"2026-04-08\"><i class=\"houzez-icon icon-calendar-3 me-1\"><\/i> 2026-04-08<\/time>\n\t\t\t\t\t<\/li>\n\t\t\t\t\t\n\t\t\t\t\t\t\t\t\t\t<li class=\"list-inline-item\">\n\t\t\t\t\t\t<i class=\"houzez-icon icon-tags me-1\"><\/i> <a href=\"https:\/\/wygodnedomy.pl\/?cat=1\" rel=\"category\">Uncategorized<\/a>\t\t\t\t\t<\/li>\n\t\t\t\t\t\n\t\t\t\t<\/ul>\n\t\t\t<\/div><!-- blog-post-meta -->\n\t\t\t<div class=\"blog-post-title\">\n\t\t\t\t<h3 class=\"mb-1\"><a href=\"https:\/\/wygodnedomy.pl\/?p=45392\">Nowa inwestycja w Nieciszowie \u2013 Twoja szansa na dom pod Ole\u015bnic\u0105<\/a><\/h3>\n\t\t\t<\/div><!-- blog-post-title -->\n\t\t\t<div class=\"blog-post-body mb-1\">\n\t\t\t\tRuszamy! Nowa inwestycja w Nieciszowie \u2013 Twoja szansa na dom pod Ole\u015bnic\u0105Mamy to! Z rado\u015bci\u0105...\t\t\t<\/div><!-- blog-post-body -->\n\t\t\t<div class=\"blog-post-link small\">\n\t\t\t\t<a href=\"https:\/\/wygodnedomy.pl\/?p=45392\">Kontynuuj czytanie<\/a>\n\t\t\t<\/div><!-- blog-post-link -->\n\t\t<\/div><!-- blog-post-content-wrap -->\n\t\t\t<\/div><!-- blog-post-item -->\n<\/div><!-- blog-post-item-wrap --><div class=\"blog-post-item-wrap\">\n\t<div id=\"post-45187\" class=\"blog-post-item blog-post-item-v1 mb-3 post-45187 post type-post status-publish format-standard has-post-thumbnail hentry category-budowa-domow tag-fundamenty tag-nieciszow\">\n\t\t\n\t\t\t\t<div class=\"blog-post-thumb\">\n\t\t\t<a href=\"https:\/\/wygodnedomy.pl\/?p=45187\" class=\"hover-effect image-wrap\">\n\t\t\t\t<img decoding=\"async\" width=\"1920\" height=\"1440\" src=\"https:\/\/wygodnedomy.pl\/wp-content\/uploads\/2025\/11\/20250412_115646_wynik.webp\" class=\"img-fluid wp-post-image\" alt=\"\" srcset=\"https:\/\/wygodnedomy.pl\/wp-content\/uploads\/2025\/11\/20250412_115646_wynik.webp 1920w, https:\/\/wygodnedomy.pl\/wp-content\/uploads\/2025\/11\/20250412_115646_wynik-1536x1152.webp 1536w, https:\/\/wygodnedomy.pl\/wp-content\/uploads\/2025\/11\/20250412_115646_wynik-584x438.webp 584w\" sizes=\"(max-width: 1920px) 100vw, 1920px\" \/>\t\t\t<\/a>\n\t\t<\/div><!-- blog-post-thumb -->\n\t\t\n\t\t<div class=\"blog-post-content-wrap\">\n\t\t\t<div class=\"blog-post-meta small\">\n\t\t\t\t<ul class=\"list-inline d-flex align-items-center mb-1\">\n\t\t\t\t\t\t\t\t\t\t<li class=\"list-inline-item\">\n\t\t\t\t\t\t<time datetime=\"2025-05-09\"><i class=\"houzez-icon icon-calendar-3 me-1\"><\/i> 2025-05-09<\/time>\n\t\t\t\t\t<\/li>\n\t\t\t\t\t\n\t\t\t\t\t\t\t\t\t\t<li class=\"list-inline-item\">\n\t\t\t\t\t\t<i class=\"houzez-icon icon-tags me-1\"><\/i> <a href=\"https:\/\/wygodnedomy.pl\/?cat=75\" rel=\"category\">Budowa dom\u00f3w<\/a>\t\t\t\t\t<\/li>\n\t\t\t\t\t\n\t\t\t\t<\/ul>\n\t\t\t<\/div><!-- blog-post-meta -->\n\t\t\t<div class=\"blog-post-title\">\n\t\t\t\t<h3 class=\"mb-1\"><a href=\"https:\/\/wygodnedomy.pl\/?p=45187\">Niecisz\u00f3w: Wychodzimy z Ziemi! Etap II \u2013 Stan Zero Zako\u0144czony<\/a><\/h3>\n\t\t\t<\/div><!-- blog-post-title -->\n\t\t\t<div class=\"blog-post-body mb-1\">\n\t\t\t\tNiecisz\u00f3w: Wychodzimy z Ziemi! Etap II \u2013 Stan Zero Zako\u0144czony\u00a0Wracamy na plac budowy naszych...\t\t\t<\/div><!-- blog-post-body -->\n\t\t\t<div class=\"blog-post-link small\">\n\t\t\t\t<a href=\"https:\/\/wygodnedomy.pl\/?p=45187\">Kontynuuj czytanie<\/a>\n\t\t\t<\/div><!-- blog-post-link -->\n\t\t<\/div><!-- blog-post-content-wrap -->\n\t\t\t<\/div><!-- blog-post-item -->\n<\/div><!-- blog-post-item-wrap --><div class=\"blog-post-item-wrap\">\n\t<div id=\"post-627\" class=\"blog-post-item blog-post-item-v1 mb-3 post-627 post type-post status-publish format-standard has-post-thumbnail hentry category-budowa-domow tag-dom-budowa tag-fundamenty tag-nieciszow tag-wolnostojacy\">\n\t\t\n\t\t\t\t<div class=\"blog-post-thumb\">\n\t\t\t<a href=\"https:\/\/wygodnedomy.pl\/?p=627\" class=\"hover-effect image-wrap\">\n\t\t\t\t<img loading=\"lazy\" decoding=\"async\" width=\"1920\" height=\"1440\" src=\"https:\/\/wygodnedomy.pl\/wp-content\/uploads\/2016\/03\/wygodne-domy-Nieciszow-fundamenty3.webp\" class=\"img-fluid wp-post-image\" alt=\"\" srcset=\"https:\/\/wygodnedomy.pl\/wp-content\/uploads\/2016\/03\/wygodne-domy-Nieciszow-fundamenty3.webp 1920w, https:\/\/wygodnedomy.pl\/wp-content\/uploads\/2016\/03\/wygodne-domy-Nieciszow-fundamenty3-1536x1152.webp 1536w, https:\/\/wygodnedomy.pl\/wp-content\/uploads\/2016\/03\/wygodne-domy-Nieciszow-fundamenty3-584x438.webp 584w\" sizes=\"(max-width: 1920px) 100vw, 1920px\" \/>\t\t\t<\/a>\n\t\t<\/div><!-- blog-post-thumb -->\n\t\t\n\t\t<div class=\"blog-post-content-wrap\">\n\t\t\t<div class=\"blog-post-meta small\">\n\t\t\t\t<ul class=\"list-inline d-flex align-items-center mb-1\">\n\t\t\t\t\t\t\t\t\t\t<li class=\"list-inline-item\">\n\t\t\t\t\t\t<time datetime=\"2025-04-14\"><i class=\"houzez-icon icon-calendar-3 me-1\"><\/i> 2025-04-14<\/time>\n\t\t\t\t\t<\/li>\n\t\t\t\t\t\n\t\t\t\t\t\t\t\t\t\t<li class=\"list-inline-item\">\n\t\t\t\t\t\t<i class=\"houzez-icon icon-tags me-1\"><\/i> <a href=\"https:\/\/wygodnedomy.pl\/?cat=75\" rel=\"category\">Budowa dom\u00f3w<\/a>\t\t\t\t\t<\/li>\n\t\t\t\t\t\n\t\t\t\t<\/ul>\n\t\t\t<\/div><!-- blog-post-meta -->\n\t\t\t<div class=\"blog-post-title\">\n\t\t\t\t<h3 class=\"mb-1\"><a href=\"https:\/\/wygodnedomy.pl\/?p=627\">Startujemy z now\u0105 inwestycj\u0105!<\/a><\/h3>\n\t\t\t<\/div><!-- blog-post-title -->\n\t\t\t<div class=\"blog-post-body mb-1\">\n\t\t\t\tStartujemy z now\u0105 inwestycj\u0105! Budowa w Nieciszowie \u2013 Etap I: Fundamenty\u00a0Z wielk\u0105 rado\u015bci\u0105...\t\t\t<\/div><!-- blog-post-body -->\n\t\t\t<div class=\"blog-post-link small\">\n\t\t\t\t<a href=\"https:\/\/wygodnedomy.pl\/?p=627\">Kontynuuj czytanie<\/a>\n\t\t\t<\/div><!-- blog-post-link -->\n\t\t<\/div><!-- blog-post-content-wrap -->\n\t\t\t<\/div><!-- blog-post-item -->\n<\/div><!-- blog-post-item-wrap -->            <\/div>\n        <\/div>\n\n        \t\t\t\t<\/div>\n\t\t\t\t<\/div>\n\t\t\t\t<div class=\"elementor-element elementor-element-9a5af22 elementor-widget elementor-widget-spacer\" data-id=\"9a5af22\" data-element_type=\"widget\" data-e-type=\"widget\" data-widget_type=\"spacer.default\">\n\t\t\t\t\t\t\t<div class=\"elementor-spacer\">\n\t\t\t<div class=\"elementor-spacer-inner\"><\/div>\n\t\t<\/div>\n\t\t\t\t\t\t<\/div>\n\t\t\t\t\t<\/div>\n\t\t<\/div>\n\t\t\t\t\t<\/div>\n\t\t<\/section>\n\t\t\t\t<div class=\"elementor-element elementor-element-46f6e83 elementor-widget elementor-widget-spacer\" data-id=\"46f6e83\" data-element_type=\"widget\" data-e-type=\"widget\" data-widget_type=\"spacer.default\">\n\t\t\t\t\t\t\t<div class=\"elementor-spacer\">\n\t\t\t<div class=\"elementor-spacer-inner\"><\/div>\n\t\t<\/div>\n\t\t\t\t\t\t<\/div>\n\t\t\t\t\t<\/div>\n\t\t<\/div>\n\t\t\t\t\t<\/div>\n\t\t<\/section>\n\t\t\t\t<\/div>\n\t\t","protected":false},"excerpt":{"rendered":"<p>Fundamenty naszej pracy to Projekt i Wykonanie Witaj w Wygodne Domy sp. z o.o. Jeste\u015bmy firm\u0105 dewelopersk\u0105, kt\u00f3ra specjalizuje si\u0119 w budowie i sprzeda\u017cy nowoczesnych dom\u00f3w w standardzie deweloperskim. Nasz\u0105 misj\u0105 jest tworzenie przestrzeni, kt\u00f3re \u0142\u0105cz\u0105 w sobie wyj\u0105tkow\u0105 estetyk\u0119, funkcjonalno\u015b\u0107 i najwy\u017csz\u0105 jako\u015b\u0107 wykonania. Ka\u017cdy nasz dom to gotowa baza do stworzenia Pa\u0144stwa wymarzonego [&hellip;]<\/p>\n","protected":false},"author":1,"featured_media":0,"parent":0,"menu_order":0,"comment_status":"closed","ping_status":"closed","template":"elementor_header_footer","meta":{"content-type":"","_monsterinsights_skip_tracking":false,"_monsterinsights_sitenote_active":false,"_monsterinsights_sitenote_note":"","_monsterinsights_sitenote_category":0,"footnotes":""},"class_list":["post-44478","page","type-page","status-publish","hentry"],"aioseo_notices":[],"_links":{"self":[{"href":"https:\/\/wygodnedomy.pl\/index.php?rest_route=\/wp\/v2\/pages\/44478","targetHints":{"allow":["GET"]}}],"collection":[{"href":"https:\/\/wygodnedomy.pl\/index.php?rest_route=\/wp\/v2\/pages"}],"about":[{"href":"https:\/\/wygodnedomy.pl\/index.php?rest_route=\/wp\/v2\/types\/page"}],"author":[{"embeddable":true,"href":"https:\/\/wygodnedomy.pl\/index.php?rest_route=\/wp\/v2\/users\/1"}],"replies":[{"embeddable":true,"href":"https:\/\/wygodnedomy.pl\/index.php?rest_route=%2Fwp%2Fv2%2Fcomments&post=44478"}],"version-history":[{"count":13,"href":"https:\/\/wygodnedomy.pl\/index.php?rest_route=\/wp\/v2\/pages\/44478\/revisions"}],"predecessor-version":[{"id":45161,"href":"https:\/\/wygodnedomy.pl\/index.php?rest_route=\/wp\/v2\/pages\/44478\/revisions\/45161"}],"wp:attachment":[{"href":"https:\/\/wygodnedomy.pl\/index.php?rest_route=%2Fwp%2Fv2%2Fmedia&parent=44478"}],"curies":[{"name":"wp","href":"https:\/\/api.w.org\/{rel}","templated":true}]}}